{"id":40,"date":"2019-07-10T08:58:40","date_gmt":"2019-07-10T08:58:40","guid":{"rendered":"https:\/\/eserticaret.com\/?page_id=40"},"modified":"2019-07-10T09:03:26","modified_gmt":"2019-07-10T09:03:26","slug":"hakkimizda","status":"publish","type":"page","link":"https:\/\/eserticaret.com\/index.php\/hakkimizda\/","title":{"rendered":"Hakk\u0131m\u0131zda"},"content":{"rendered":"\n<p>F\u0130RMAMIZ 1980 YILINDA KURUCUSU MEVL\u00dcT \u00d6ZBOZ TARAFINDAN <br>\nDODGE KAMYON YEDEK PAR\u00c7A ALIM SATIMINA \u015eAHIS F\u0130RMASI OLARAK<br>\nBA\u015eLAMI\u015eTIR.G\u00dcN\u00dcN GEL\u0130\u015eEN KO\u015eULLARINA \u0130ST\u0130NADEN 1996 YILINDA<br>\n\u015e\u0130RKETLE\u015eEREK ESER T\u0130CARET VE SAN.LTD.\u015eT\u0130. ADI ALTINDA <br>\nBMC A\u011eIR VASITA VE HAF\u0130F T\u0130CAR\u0130 YEDEK PAR\u00c7ALARINI BULUNDURMAYA <br>\nBA\u015eLAMI\u015e OLUP YILLAR \u0130\u00c7ER\u0130S\u0130NDE PERK\u0130NS-CUMM\u0130NS MOTOR MALZEMELER\u0130N\u0130 VE <br>\nMERCEDES A\u011eIR VASITA YEDEK PAR\u00c7ALARINIDA STO\u011eUNA KOYARAK \u00dcR\u00dcN YELPAZES\u0130N\u0130 <br>\nGEN\u0130\u015eLETEREK T\u0130CARET HAYATINA DEVAM ETMEKTED\u0130R.<\/p>\n\n\n\n<p>KAL\u0130TE VE G\u00dcVENE DAYALI \u0130NSAN KAYNAKLARINA \u00d6NEM VEREREK \u0130LERLEYEN TEKNOLOJ\u0130 VE DENEY\u0130ML\u0130 KADROSU \u0130LE <br>\nHERZAMAN M\u00dc\u015eTER\u0130 MEMNUN\u0130YET\u0130N\u0130 \u00d6N PLANDA TUTMU\u015eTUR. F\u0130RMAMIZ AKDEN\u0130Z B\u00d6LGES\u0130NDE KEND\u0130 GRUBUNDA TERC\u0130H <br>\nED\u0130LEN B\u0130R MARKA DURUMUNA GELM\u0130\u015eT\u0130R.OTOMOT\u0130V GRUBU YEN\u0130L\u0130KLERE A\u00c7IK VE \u00c7ABUK GEL\u0130\u015eEN B\u0130R SEKT\u00d6R OLDU\u011eUNDAN <br>\nF\u0130RMAMIZ BU DE\u011e\u0130\u015e\u0130KL\u0130KLERE AYAK UYDURMAK \u0130\u00c7\u0130N \u00c7ALI\u015eMALARINA DEVAM ETMEKTED\u0130R.<\/p>\n\n\n\n<pre class=\"wp-block-code\"><code>       <\/code><\/pre>\n\n\n\n<p style=\"text-align:center\"><strong>V\u0130ZYONUMUZ<\/strong><br>S\u00dcREKL\u0130 GEL\u0130\u015eME ANLAYI\u015eI \u0130\u00c7\u0130NDE M\u00dc\u015eTER\u0130LER\u0130M\u0130Z\u0130N \u0130HT\u0130YA\u00c7 VE BEKLENT\u0130LER\u0130N\u0130 KAR\u015eILAMAK \u0130\u00c7\u0130N SEKT\u00d6RDE G\u00dc\u00c7L\u00dc <br> G\u00dcVENL\u0130 B\u0130R KURULU\u015e OLMAKTIR.<br>      <strong>        M\u0130SYONUMUZ<\/strong><br> \u015e\u0130RKET\u0130M\u0130Z YETENEK VE KAPAS\u0130TE DO\u011eRULTUSUNDA M\u00dc\u015eTER\u0130LER\u0130M\u0130Z\u0130N BEKLENT\u0130LER\u0130N\u0130 EN \u0130Y\u0130 \u015eART VE STANDARTLARDA KAR\u015eILAMAKTIR.<\/p>\n","protected":false},"excerpt":{"rendered":"<p>F\u0130RMAMIZ 1980 YILINDA KURUCUSU MEVL\u00dcT \u00d6ZBOZ TARAFINDAN DODGE KAMYON YEDEK PAR\u00c7A ALIM SATIMINA \u015eAHIS F\u0130RMASI OLARAK BA\u015eLAMI\u015eTIR.G\u00dcN\u00dcN GEL\u0130\u015eEN KO\u015eULLARINA \u0130ST\u0130NADEN 1996 YILINDA \u015e\u0130RKETLE\u015eEREK ESER T\u0130CARET VE SAN.LTD.\u015eT\u0130. ADI ALTINDA BMC A\u011eIR VASITA VE HAF\u0130F T\u0130CAR\u0130 YEDEK PAR\u00c7ALARINI BULUNDURMAYA BA\u015eLAMI\u015e OLUP YILLAR \u0130\u00c7ER\u0130S\u0130NDE PERK\u0130NS-CUMM\u0130NS MOTOR MALZEMELER\u0130N\u0130 VE MERCEDES A\u011eIR VASITA YEDEK PAR\u00c7ALARINIDA STO\u011eUNA KOYARAK \u00dcR\u00dcN YELPAZES\u0130N\u0130&hellip; <br \/> <a class=\"button small blue\" href=\"https:\/\/eserticaret.com\/index.php\/hakkimizda\/\">Devam\u0131<\/a><\/p>\n","protected":false},"author":1,"featured_media":0,"parent":0,"menu_order":0,"comment_status":"closed","ping_status":"closed","template":"","meta":{"footnotes":""},"class_list":["post-40","page","type-page","status-publish","hentry"],"_links":{"self":[{"href":"https:\/\/eserticaret.com\/index.php\/wp-json\/wp\/v2\/pages\/40","targetHints":{"allow":["GET"]}}],"collection":[{"href":"https:\/\/eserticaret.com\/index.php\/wp-json\/wp\/v2\/pages"}],"about":[{"href":"https:\/\/eserticaret.com\/index.php\/wp-json\/wp\/v2\/types\/page"}],"author":[{"embeddable":true,"href":"https:\/\/eserticaret.com\/index.php\/wp-json\/wp\/v2\/users\/1"}],"replies":[{"embeddable":true,"href":"https:\/\/eserticaret.com\/index.php\/wp-json\/wp\/v2\/comments?post=40"}],"version-history":[{"count":5,"href":"https:\/\/eserticaret.com\/index.php\/wp-json\/wp\/v2\/pages\/40\/revisions"}],"predecessor-version":[{"id":50,"href":"https:\/\/eserticaret.com\/index.php\/wp-json\/wp\/v2\/pages\/40\/revisions\/50"}],"wp:attachment":[{"href":"https:\/\/eserticaret.com\/index.php\/wp-json\/wp\/v2\/media?parent=40"}],"curies":[{"name":"wp","href":"https:\/\/api.w.org\/{rel}","templated":true}]}}