{"id":2,"date":"2019-06-10T10:55:53","date_gmt":"2019-06-10T10:55:53","guid":{"rendered":"https:\/\/eserticaret.com\/?page_id=2"},"modified":"2019-07-10T09:07:44","modified_gmt":"2019-07-10T09:07:44","slug":"iletisim","status":"publish","type":"page","link":"https:\/\/eserticaret.com\/index.php\/iletisim\/","title":{"rendered":"\u0130leti\u015fim"},"content":{"rendered":"\n<p> AKDEN\u0130Z SANAY\u0130 S\u0130TES\u0130 5012. SOK. D:68\u00a0<br><strong>KEPEZ\u00a0\/\u00a0ANTALYA<\/strong> <\/p>\n\n\n\n<p>(0242) 221 29 29<\/p>\n\n\n\n<iframe loading=\"lazy\" src=\"https:\/\/www.google.com\/maps\/embed?pb=!1m18!1m12!1m3!1d3189.5804069225383!2d30.638115115664863!3d36.92429547992304!2m3!1f0!2f0!3f0!3m2!1i1024!2i768!4f13.1!3m3!1m2!1s0x14c38e15d860461b%3A0x85bc69922edeeabf!2s%C5%9Eafak%2C+5012.+Sk.+No%3A68%2C+07220+Kepez%2FAntalya!5e0!3m2!1str!2str!4v1562749625292!5m2!1str!2str\" width=\"800\" height=\"600\" frameborder=\"0\" style=\"border:0\" allowfullscreen><\/iframe>\n\n\n\n<p><\/p>\n","protected":false},"excerpt":{"rendered":"<p>AKDEN\u0130Z SANAY\u0130 S\u0130TES\u0130 5012. SOK. D:68\u00a0KEPEZ\u00a0\/\u00a0ANTALYA (0242) 221 29 29<\/p>\n","protected":false},"author":1,"featured_media":0,"parent":0,"menu_order":0,"comment_status":"closed","ping_status":"closed","template":"","meta":{"footnotes":""},"class_list":["post-2","page","type-page","status-publish","hentry"],"_links":{"self":[{"href":"https:\/\/eserticaret.com\/index.php\/wp-json\/wp\/v2\/pages\/2","targetHints":{"allow":["GET"]}}],"collection":[{"href":"https:\/\/eserticaret.com\/index.php\/wp-json\/wp\/v2\/pages"}],"about":[{"href":"https:\/\/eserticaret.com\/index.php\/wp-json\/wp\/v2\/types\/page"}],"author":[{"embeddable":true,"href":"https:\/\/eserticaret.com\/index.php\/wp-json\/wp\/v2\/users\/1"}],"replies":[{"embeddable":true,"href":"https:\/\/eserticaret.com\/index.php\/wp-json\/wp\/v2\/comments?post=2"}],"version-history":[{"count":3,"href":"https:\/\/eserticaret.com\/index.php\/wp-json\/wp\/v2\/pages\/2\/revisions"}],"predecessor-version":[{"id":52,"href":"https:\/\/eserticaret.com\/index.php\/wp-json\/wp\/v2\/pages\/2\/revisions\/52"}],"wp:attachment":[{"href":"https:\/\/eserticaret.com\/index.php\/wp-json\/wp\/v2\/media?parent=2"}],"curies":[{"name":"wp","href":"https:\/\/api.w.org\/{rel}","templated":true}]}}